{"id":322,"date":"2012-04-17T18:59:26","date_gmt":"2012-04-17T18:59:26","guid":{"rendered":"http:\/\/photoposter.de\/?page_id=322"},"modified":"2022-01-01T20:48:39","modified_gmt":"2022-01-01T20:48:39","slug":"portrait-galerie","status":"publish","type":"page","link":"https:\/\/photoposter.de\/?page_id=322","title":{"rendered":"Modelgraphie"},"content":{"rendered":"<p><a href=\"http:\/\/photoposter.de\/wp-content\/uploads\/2018\/09\/groov009.jpg\"><img loading=\"lazy\" decoding=\"async\" class=\"alignleft size-medium wp-image-4287\" src=\"http:\/\/photoposter.de\/wp-content\/uploads\/2018\/09\/groov009-300x263.jpg\" alt=\"\" width=\"300\" height=\"263\" srcset=\"https:\/\/photoposter.de\/wp-content\/uploads\/2018\/09\/groov009-300x263.jpg 300w, https:\/\/photoposter.de\/wp-content\/uploads\/2018\/09\/groov009-768x674.jpg 768w, https:\/\/photoposter.de\/wp-content\/uploads\/2018\/09\/groov009.jpg 800w\" sizes=\"auto, (max-width: 300px) 100vw, 300px\" \/><\/a>Gegen\u00fcber einschl\u00e4gigen Portalen und Massen-Communities haben insbesondere Nischenblogs klare Vorteile, Newcomer Models in Bildern individuell zu promoten. Modelgraphie ist eine spezielle Form der Fotokunst, nat\u00fcrliche Posen zu zelebrieren und Stimmungen mit Colorierungen, Unsch\u00e4rfe-Effekten und weiteren Bildlooks herauszuarbeiten. Modebloggerinnen wissen gute (Blog)Fotografen zu sch\u00e4tzen, die lebendige und spannende Fotostrecken umsetzen k\u00f6nnen. M\u00f6glicherweise kann eine Blog-Galerie die klassische Sedcard ersetzen, zumindest l\u00e4sst sich ein Link auch mittels einer pr\u00e4gnanten Domain realisieren, die auf den Blogartikel verweist, Perfekt. Ich liebe facettenreiche Modefotografie, manchmal auch mit frechen Posen, hauptsache die Bilder kommen gut r\u00fcber.<\/p>\n<blockquote class=\"wp-embedded-content\" data-secret=\"K4SkL0Z6aH\"><p><a href=\"https:\/\/photoposter.de\/?p=3942\">pretty young woman<\/a><\/p><\/blockquote>\n<p><iframe loading=\"lazy\" class=\"wp-embedded-content\" sandbox=\"allow-scripts\" security=\"restricted\" style=\"position: absolute; clip: rect(1px, 1px, 1px, 1px);\" title=\"&#8222;pretty young woman&#8220; &#8212; photoposter\u00ae.de\" src=\"https:\/\/photoposter.de\/?p=3942&#038;embed=true#?secret=rVz2cYgpDZ#?secret=K4SkL0Z6aH\" data-secret=\"K4SkL0Z6aH\" width=\"600\" height=\"338\" frameborder=\"0\" marginwidth=\"0\" marginheight=\"0\" scrolling=\"no\"><\/iframe><\/p>\n<p><a href=\"http:\/\/photoposter.de\/?p=3464\"><img loading=\"lazy\" decoding=\"async\" class=\"alignleft wp-image-4331 size-full\" src=\"http:\/\/photoposter.de\/wp-content\/uploads\/2018\/09\/modehafen.jpg\" alt=\"\" width=\"780\" height=\"980\" srcset=\"https:\/\/photoposter.de\/wp-content\/uploads\/2018\/09\/modehafen.jpg 780w, https:\/\/photoposter.de\/wp-content\/uploads\/2018\/09\/modehafen-239x300.jpg 239w, https:\/\/photoposter.de\/wp-content\/uploads\/2018\/09\/modehafen-768x965.jpg 768w\" sizes=\"auto, (max-width: 780px) 100vw, 780px\" \/><\/a><\/p>\n<p><a href=\"http:\/\/photoposter.de\/wp-content\/uploads\/2012\/04\/001frauen6.jpg\"><img loading=\"lazy\" decoding=\"async\" class=\"alignleft wp-image-333 size-full\" src=\"http:\/\/photoposter.de\/wp-content\/uploads\/2012\/04\/001frauen6.jpg\" alt=\"\" width=\"639\" height=\"754\" srcset=\"https:\/\/photoposter.de\/wp-content\/uploads\/2012\/04\/001frauen6.jpg 639w, https:\/\/photoposter.de\/wp-content\/uploads\/2012\/04\/001frauen6-254x300.jpg 254w\" sizes=\"auto, (max-width: 639px) 100vw, 639px\" \/><\/a><\/p>\n<p>&nbsp;<\/p>\n<p>&nbsp;<\/p>\n","protected":false},"excerpt":{"rendered":"<p>Gegen\u00fcber einschl\u00e4gigen Portalen und Massen-Communities haben insbesondere Nischenblogs klare Vorteile, Newcomer Models in Bildern individuell zu promoten. Modelgraphie ist eine spezielle Form der Fotokunst, nat\u00fcrliche Posen zu zelebrieren und Stimmungen mit Colorierungen, Unsch\u00e4rfe-Effekten und weiteren Bildlooks herauszuarbeiten. Modebloggerinnen wissen gute (Blog)Fotografen zu sch\u00e4tzen, die lebendige und spannende Fotostrecken umsetzen k\u00f6nnen.<span class=\"more-button\"><a href=\"https:\/\/photoposter.de\/?page_id=322\" class=\"more-link\">zum artikel -&gt;<span class=\"screen-reader-text\">Modelgraphie<\/span><\/a><\/a><\/p>\n","protected":false},"author":1,"featured_media":0,"parent":0,"menu_order":0,"comment_status":"open","ping_status":"open","template":"","meta":{"footnotes":""},"class_list":["post-322","page","type-page","status-publish","hentry"],"_links":{"self":[{"href":"https:\/\/photoposter.de\/index.php?rest_route=\/wp\/v2\/pages\/322","targetHints":{"allow":["GET"]}}],"collection":[{"href":"https:\/\/photoposter.de\/index.php?rest_route=\/wp\/v2\/pages"}],"about":[{"href":"https:\/\/photoposter.de\/index.php?rest_route=\/wp\/v2\/types\/page"}],"author":[{"embeddable":true,"href":"https:\/\/photoposter.de\/index.php?rest_route=\/wp\/v2\/users\/1"}],"replies":[{"embeddable":true,"href":"https:\/\/photoposter.de\/index.php?rest_route=%2Fwp%2Fv2%2Fcomments&post=322"}],"version-history":[{"count":0,"href":"https:\/\/photoposter.de\/index.php?rest_route=\/wp\/v2\/pages\/322\/revisions"}],"wp:attachment":[{"href":"https:\/\/photoposter.de\/index.php?rest_route=%2Fwp%2Fv2%2Fmedia&parent=322"}],"curies":[{"name":"wp","href":"https:\/\/api.w.org\/{rel}","templated":true}]}}