{"id":586,"date":"2012-12-30T20:33:27","date_gmt":"2012-12-30T20:33:27","guid":{"rendered":"http:\/\/photoposter.de\/?page_id=586"},"modified":"2021-06-15T09:30:45","modified_gmt":"2021-06-15T09:30:45","slug":"11-cuts-landscapes","status":"publish","type":"page","link":"https:\/\/photoposter.de\/?page_id=586","title":{"rendered":"Artworkers"},"content":{"rendered":"<p><strong>Meine Bereitschaft der freiwilligen Verlinkung<\/strong> hat den Nullpunkt erreicht! Nat\u00fcrlich ist es auch im Sinne des virtuellen Dialogs, interessierte Leser mit themenrelevanten Empfehlungen zu versorgen, wobei die Links von mir sorgf\u00e4ltig gepr\u00fcft sind und mit pr\u00e4zisen Kurzbeschreibungen die Hemmschwelle sogar sinkt, die empfohlene Website zu besuchen. Blogger haben zuweilen die besseren Reputationen als so manche Bewertungsportale, die gerne Nutzer in ihren Surfgewohnheiten durchleuchten!<\/p>\n<p><strong>Ich habe auf die bisher selbstverst\u00e4ndliche Bereitschaft<\/strong> sinngem\u00e4ss zu verlinken, ausser von Spammern und belehrenden Seo Idioten kaum nennenswerte, seri\u00f6se Resonanzen erhalten. Der Linkgeiz ist im deutschsprachigen Raum besonders ausgepr\u00e4gt und f\u00f6rdert letztendlich die marktbeherschenden Stellungen der Internetkonzerne. Dar\u00fcber solltet Ihr mal nachdenken!<\/p>\n<p><strong>Dennoch bin ich nicht v\u00f6llig abgeneigt<\/strong>, Empfehlungen zu themenrelevanten Blogs und kleinen Portalen nicht nur aus dem Kunst Sektor zu geben. Allerdings erwarte ich mittlerweile daf\u00fcr eine Gegenleistung: Einen Backlink an prominenter Stelle. Link-Exchance ist durchaus sinnvoll und bietet den Lesern Mehrwerte. Google mag keine noch so seri\u00f6sen Linknetzwerke? Ich pfeife auf Google und hoffentlich nehmen Wettbewerbsh\u00fcter diese Bude bald kartellrechtlich auseinander!<\/p>\n<p><strong>Auch aus diesem Grunde bin ich einer strategischen Linkpartnerschaft<\/strong> durchaus aufgeschlossen, behalte mir aber auch das Recht vor, nicht passende Angebote abzulehnen. Ansonsten bleibt die Artworkers Rubrik und nicht nur diese der bedingungslosen Website Empfehlungen unverlinkt \ud83d\ude09<\/p>\n<p>&nbsp;<\/p>\n<p>&nbsp;<\/p>\n<p>&nbsp;<\/p>\n<p>&nbsp;<\/p>\n<p>&nbsp;<\/p>\n<p>&nbsp;<\/p>\n<p>&nbsp;<\/p>\n<p>&nbsp;<\/p>\n","protected":false},"excerpt":{"rendered":"<p>Meine Bereitschaft der freiwilligen Verlinkung hat den Nullpunkt erreicht! Nat\u00fcrlich ist es auch im Sinne des virtuellen Dialogs, interessierte Leser mit themenrelevanten Empfehlungen zu versorgen, wobei die Links von mir sorgf\u00e4ltig gepr\u00fcft sind und mit pr\u00e4zisen Kurzbeschreibungen die Hemmschwelle sogar sinkt, die empfohlene Website zu besuchen. Blogger haben zuweilen die<span class=\"more-button\"><a href=\"https:\/\/photoposter.de\/?page_id=586\" class=\"more-link\">zum artikel -&gt;<span class=\"screen-reader-text\">Artworkers<\/span><\/a><\/a><\/p>\n","protected":false},"author":1,"featured_media":0,"parent":0,"menu_order":0,"comment_status":"open","ping_status":"open","template":"","meta":{"footnotes":""},"class_list":["post-586","page","type-page","status-publish","hentry"],"_links":{"self":[{"href":"https:\/\/photoposter.de\/index.php?rest_route=\/wp\/v2\/pages\/586","targetHints":{"allow":["GET"]}}],"collection":[{"href":"https:\/\/photoposter.de\/index.php?rest_route=\/wp\/v2\/pages"}],"about":[{"href":"https:\/\/photoposter.de\/index.php?rest_route=\/wp\/v2\/types\/page"}],"author":[{"embeddable":true,"href":"https:\/\/photoposter.de\/index.php?rest_route=\/wp\/v2\/users\/1"}],"replies":[{"embeddable":true,"href":"https:\/\/photoposter.de\/index.php?rest_route=%2Fwp%2Fv2%2Fcomments&post=586"}],"version-history":[{"count":0,"href":"https:\/\/photoposter.de\/index.php?rest_route=\/wp\/v2\/pages\/586\/revisions"}],"wp:attachment":[{"href":"https:\/\/photoposter.de\/index.php?rest_route=%2Fwp%2Fv2%2Fmedia&parent=586"}],"curies":[{"name":"wp","href":"https:\/\/api.w.org\/{rel}","templated":true}]}}